{"id":396,"date":"2021-10-25T20:00:24","date_gmt":"2021-10-25T20:00:24","guid":{"rendered":"https:\/\/meinesoftware.com\/?page_id=396"},"modified":"2021-10-25T20:07:28","modified_gmt":"2021-10-25T20:07:28","slug":"agb","status":"publish","type":"page","link":"https:\/\/meinesoftware.com\/en\/agb\/","title":{"rendered":""},"content":{"rendered":"\t\t<div data-elementor-type=\"wp-page\" data-elementor-id=\"396\" class=\"elementor elementor-396\">\n\t\t\t\t\t\t\t\t\t<section class=\"elementor-section elementor-top-section elementor-element elementor-element-92498ab elementor-section-boxed elementor-section-height-default elementor-section-height-default\" data-id=\"92498ab\" data-element_type=\"section\">\n\t\t\t\t\t\t<div class=\"elementor-container elementor-column-gap-default\">\n\t\t\t\t\t<div class=\"elementor-column elementor-col-100 elementor-top-column elementor-element elementor-element-3d11dac\" data-id=\"3d11dac\" data-element_type=\"column\">\n\t\t\t<div class=\"elementor-widget-wrap elementor-element-populated\">\n\t\t\t\t\t\t\t\t<div class=\"elementor-element elementor-element-cb46074 elementor-widget elementor-widget-text-editor\" data-id=\"cb46074\" data-element_type=\"widget\" data-widget_type=\"text-editor.default\">\n\t\t\t\t<div class=\"elementor-widget-container\">\n\t\t\t\t\t\t\t<p><strong>1. Geltungsbereich<\/strong><\/p><p>1.1 Diese Gesch\u00e4ftsbedingungen der Back to Basic Digital Solutions S.L. Barcelona, nachfolgend \u201eVerk\u00e4ufer\u201c, gelten vorbehaltlich einer abweichenden Ver-einbarung f\u00fcr alle Verk\u00e4ufe, Lieferungen und Leistungen des Verk\u00e4ufers gegen\u00fcber dem Kunden \u00fcber Software, die sich nicht auf einem k\u00f6rperlichen Datentr\u00e4ger befindet, nachfolgend: \u201eSoftware\u201c, welche \u00fcber den Online-Shop des Verk\u00e4ufers www.meinesoftware.com geschlossen werden. Mit der Absendung \/ Abgabe seiner Bestellung erkennt der Kunde Geltung und Inhalt dieser AGB an. \u00dcber die Regelungen dieser AGB hinaus gelten aus-schlie\u00dflich die gesetzlichen Bestimmungen, sofern diese AGB nicht durch Individualvereinbarung ganz oder teil-weise abbedungen worden sind. Der Einbeziehung jeglicher gegnerischer AGB wird widersprochen.<\/p><p>1.2 \u201eVerbraucher\u201c im Sinne dieser Allgemeinen Gesch\u00e4fts- und Lizenzbedingungen ist jede nat\u00fcrliche Person, die ein Rechtsgesch\u00e4ft zu Zwecken abschlie\u00dft, die \u00fcberwiegend weder ihrer gewerblichen noch selbstst\u00e4ndigen beruflichen T\u00e4tigkeit zugerechnet werden k\u00f6nnen.<\/p><p>1.3 \u201eUnternehmer\u201c ist eine nat\u00fcrliche oder juristische Person oder eine rechtsf\u00e4hige Personengesellschaft, die bei Abschluss eines Rechtsgesch\u00e4fts in Aus\u00fcbung ihrer gewerblichen oder selbst\u00e4ndigen beruflichen T\u00e4tigkeit han-delt.<\/p><p><strong>2. Vertragsschluss<\/strong><\/p><p>2.1 Wird Software vom Anbieter auf seinem Online-Shop www.meinesoftware.com eingestellt, liegt in der Freischaltung der Angebotsseite ein unverbindliches Angebot zum Abschluss eines Kaufvertrages zu den in der Produktbe-schreibung im Online-Shop www.meinesoftware.com enthaltenen Bedingungen. Der Kunde selbst gibt das Angebot \u00fcber das Bestellsystem des Verk\u00e4ufers auf dessen Online-Shop www.meinesoftware.com ab.<\/p><p>2.2 Bei einer Bestellung \u00fcber das Bestellsystem des Verk\u00e4ufers auf dessen Online-Shop www.meinesoftware.com legt der Kunde die Waren, deren Kauf er beabsichtigt, in den Einkaufswagen. Wird der Button \u201ezur Kasse gehen\u201c bet\u00e4tigt, ist nachfolgend die Eingabe der abgefragten Daten erforderlich. S\u00e4mtliche Bestelldaten werden auf der Seite \u201eEinzelheiten zum Versand\u201c erneut aufgef\u00fchrt. Der Kunde kann so vor Absenden der Bestellung, seine Angaben nochmals pr\u00fcfen und \u00e4ndern. Der Kauf kann zudem abgebrochen werden. Mittels des verwendeten Browsers und den Maus- und Tastaturoptionen k\u00f6nnen s\u00e4mtliche Eingaben berichtigt und r\u00fcckg\u00e4ngig gemacht werden. Nach Klicken des Buttons \u201ejetzt kaufen\u201c k\u00f6nnen Eingabefehler nicht mehr korrigiert werden. Es handelt sich um eine verbindliche Erkl\u00e4rung.<\/p><p>2.3 Unmittelbar nach Absendung seiner Bestellung erh\u00e4lt der Kunde von dem Verk\u00e4ufer eine Best\u00e4tigungs-E-Mail mit dem Hinweis, dass der Verk\u00e4ufer das Angebot erhalten hat. Diese \u201eBestellbest\u00e4tigung\u201c stellt noch keine An-nahme des Angebots dar. Das Angebot kann nur vom Verk\u00e4ufer angenommen werden, indem er die Bestellung durch eine weitere E-Mail oder per Telefax oder Post an den Kunden annimmt (Annahmeerkl\u00e4rung). Hierbei ist der Zugang der Annahmeerkl\u00e4rung beim Kunden ma\u00dfgeblich. Auch kann der Verk\u00e4ufer das Angebot annehmen, indem er dem Kunden den Download-Link und den Lizenzschl\u00fcssel f\u00fcr die bestellte Software per E-Mail \u00fcbermit-telt. Hierbei ist der Zugang des Download-Links und des Lizenzschl\u00fcssels f\u00fcr die bestellte Software beim Kunden ma\u00dfgeblich. Des Weiteren kann der Verk\u00e4ufer das Angebot annehmen, indem er den Kunden unter Angabe der jeweiligen Bestellung zur Zahlung auffordert. Wenn der Kunde sich f\u00fcr die Zahlungsart Zahlung per Lastschrift entschieden hat, sofern diese angeboten wird, kann der Verk\u00e4ufer das Angebot durch Einziehung des Gesamt-preises vom Bankkonto des Kunden annehmen. Hierbei ist der Zeitpunkt der Belastung des Kontos des Kunden ma\u00dfgeblich. Bei Vorliegen mehrerer der dargestellten Varianten kommt der Vertrag mit Eintritt der ersten Variante zustande.<\/p><p>2.4 Die Abwicklung der Bestellung sowie die \u00dcbermittlung der im Zusammenhang mit dem Vertragsschluss rele-vanten Informationen erfolgt &#8211; teilweise automatisiert &#8211; per E-Mail. Der Kunde hat sicherzustellen, dass die von ihm im Online-Shop www.meinesoftware.com des Verk\u00e4ufers hinterlegte E-Mail-Adresse korrekt ist, der Empfang der E-Mails technisch sichergestellt und die Kenntniserlangung nicht durch SPAM-Filter verhindert wird.<\/p><p>2.5 Diese Vertragsbedingungen k\u00f6nnen mit der Druckfunktion des Browsers ausgedruckt werden, oder \u00fcber die Funktion &#8220;Seite speichern&#8221; auf dem Computer gespeichert werden. Der Verk\u00e4ufer selbst speichert die Informatio-nen nicht, die Vertragsinformationen sind f\u00fcr den Kunden nicht zug\u00e4nglich. Der Verk\u00e4ufer legt der Warensendung die Allgemeinen Gesch\u00e4ftsbedingungen sowie die vorgeschriebenen Informationen bei Fernabsatzvertr\u00e4gen bei.<\/p><p>2.6 Die Vertragsbedingungen sind in deutscher Sprache verf\u00fcgbar.<\/p><p>2.7 Bestimmten Verhaltenskodizes hat sich der Verk\u00e4ufer nicht unterworfen.<\/p><p><strong>3. Vertragsgegenstand<\/strong><\/p><p>3.1 Der Verk\u00e4ufer liefert dem Kunden Software, die sich nicht auf einem k\u00f6rperlichen Datentr\u00e4ger befindet.<\/p><p>3.2 Der Verk\u00e4ufer schuldet dem Kunden die dauerhafte \u00dcberlassung der bestellten Software im Objektcode. Er schuldet dem Kunden die Zusendung eines Download-Links f\u00fcr die bestellte Software sowie die Zusendung eines Lizenzschl\u00fcssels in Bezug auf die bestellte Software per E-Mail.<\/p><p>3.3 Der Verk\u00e4ufer schuldet dem Kunden auch die \u00dcberlassung der zur bestellten Software zugeh\u00f6rigen Anwen-derdokumentation. Er schuldet dem Kunden die \u00dcberlassung der Anwenderdokumentation in gedruckter Form oder stellt dem Kunden die Anwenderdokumentation per Download bereit. Bei Lieferung der Anwenderdokumen-tation in gedruckter Form bleibt diese bis zur vollst\u00e4ndigen Bezahlung im Eigentum des Verk\u00e4ufers.<\/p><p>3.4 Der Verk\u00e4ufer schuldet dem Kunden die unter 5. Lizenzschein geregelte Rechteeinr\u00e4umung zur Nutzung der be-stellten Software. Mit vollst\u00e4ndiger Bezahlung des Kaufpreises der bestellten Software durch den Kunden erh\u00e4lt der Kunde die unter 5. Lizenzschein geregelten Rechte zur Nutzung der bestellten Software.<\/p><p>3.5 Serviceleistungen, wie Installationshilfen, werden von dem Verk\u00e4ufer nicht erbracht. F\u00fcr die Installation der bestellten Software verweist der Verk\u00e4ufer auf die in der Anwendungsdokumentation der bestellten Software beschriebenen Installationshinweise, insbesondere auf Hard- und Softwareumgebung, die beim Kunden vorhan-den sein muss.<\/p><p><strong>4. \u00dcbergabe und Download der Software<\/strong><\/p><p>4.1 Die \u00dcbergabe der Software erfolgt durch \u00dcbermittlung eines Download-Links und eines Lizenzschl\u00fcssels f\u00fcr die bestellte Software an die vom Kunden in dessen Bestellung angegebene E-Mail-Adresse. \u00dcber diesen Down-load-Link und mit diesem Lizenzschl\u00fcssel kann der Kunde die Software von der Webseite des Verk\u00e4ufers unter www.meinesoftware.com herunterladen und aktivieren.<\/p><p>4.2 Der Kunde hat sicherzustellen, dass die von ihm im Online-Shop www.meinesoftware.com des Verk\u00e4ufers hinterlegte E-Mail-Adresse korrekt ist, der Empfang der E-Mail technisch sichergestellt und die Kenntniserlangung nicht durch SPAM-Filter verhindert wird.<\/p><p>4.2 Der Verk\u00e4ufer ist zu Teillieferungen und Teilleistungen in zumutbarem Umfang berechtigt.<\/p><p><strong>5. Lizenzschein<\/strong><\/p><p>5.1 Der Verk\u00e4ufer r\u00e4umt dem Kunden ein nicht ausschlie\u00dfliches Recht ein, die bestellte Software nach Ma\u00dfgabe der nachfolgenden Bestimmungen zeitlich unbefristet zu nutzen.<\/p><p>5.2 Der Kunde ist zu bestimmungsgem\u00e4\u00dfen Nutzung der bestellten Software berechtigt. Der Umfang der zul\u00e4ssi-gen Nutzung der bestellten Software durch nat\u00fcrliche Personen ergibt sich aus den in der Produktbeschreibung im Online-Shop www.meinesoftware.com enthaltenen Bedingungen sowie der Anwendungsdokumentation zur Software.<\/p><p>5.3 Der Kunde ist zur Installation der bestellten Software sowie zum Laden der Software in den Arbeitsspeicher berechtigt.<\/p><p>5.4 Der Kunde ist zur Vervielf\u00e4ltigung der bestellten Software nur insoweit berechtigt, wenn und soweit dies f\u00fcr die bestimmungsgem\u00e4\u00dfe Benutzung notwendig ist.<\/p><p>5.5 Der Kunde ist berechtigt, Kopien der bestellten Software zu erstellen, soweit diese zur Sicherung der k\u00fcnfti-gen bestimmungsgem\u00e4\u00dfen Nutzung der Software sowie zu Zwecken einer den betrieblichen Anforderungen des Kunden entsprechenden Datensicherung und Archivierung erforderlich sind.<\/p><p>5.6 Der Kunde ist zu \u00c4nderungen, Erweiterungen und sonstigen Umarbeitungen der Software im Sinne des \u00a7 69c Nr.2 UrhG nur insoweit befugt, als das Gesetz solches unabdingbar erlaubt.<\/p><p>5.7 Die Dekompilierung der Software ist nur zul\u00e4ssig, wenn die in \u00a7 69 e Abs. 1 UrhG genannten Voraussetzun-gen und Bedingungen vorliegen. Der Kunde ist erst dann zur Dekompilierung der bestellten Software berechtigt, wenn der Anbieter nach schriftlicher Aufforderung mit angemessener Frist nicht die notwendigen Daten und \/ oder Informationen zur Verf\u00fcgung gestellt hat, um Interoperabilit\u00e4t mit anderer Hard- und \/ oder Software herzustellen. Die durch die Dekompilierung der Software gewonnenen Informationen d\u00fcrfen nicht entgegen den Ma\u00dfgaben von \u00a7 69 e Abs. 2 UrhG verwendet bzw. weitergegeben werden.<\/p><p>5.8 Kennzeichnungen der bestellten Software, insbesondere Urheberrechtsvermerke, Marken, Seriennummern oder \u00e4hnliches d\u00fcrfen nicht entfernt, ver\u00e4ndert oder unkenntlich gemacht werden.<\/p><p>5.9 Der Lizenzschein ist un\u00fcbertragbar; ausgenommen hiervon ist die Weitergabe der vom Kunden heruntergeladenen Programmkopie der Software, sofern der Kunde die auf seinem Computer installierte Programmkopie zum Zeit-punkt der Weitergabe unbrauchbar macht.<\/p><p><strong>6. \u00dcberlassung der Software an Dritte<\/strong><\/p><p>Der K\u00e4ufer darf die Vertragsgegenst\u00e4nde einem Dritten nur einheitlich und unter vollst\u00e4ndiger und endg\u00fcltiger Aufgabe der eigenen Nutzung der Vertragsgegenst\u00e4nde \u00fcberlassen. Die vor\u00fcbergehende oder teilweise entgeltli-che \u00dcberlassung der Nutzung an Dritte ist untersagt, gleich ob die Vertragsgegenst\u00e4nde in k\u00f6rperlicher oder unk\u00f6rperlicher Form \u00fcberlassen werden. Das Gleiche gilt bei unentgeltlicher \u00dcberlassung.<\/p><p><strong>7. Pflichten des Kunden<\/strong><\/p><p>7.1 Der Kunde ist verpflichtet, die Software gesichert aufzubewahren, so dass ein unberechtigter Zugang bzw. unzul\u00e4ssiges Kopieren verhindert wird.<\/p><p>7.2 Dem Kunden ist es untersagt, technische Ma\u00dfnahmen zum Schutz der Software zu umgehen.<\/p><p>7.3 Im Fall der Weitergabe der vom Kunden heruntergeladenen Programmkopie der Software muss der Kunde die auf seinem Computer installierte Programmkopie zum Zeitpunkt der Weitergabe unbrauchbar machen.<\/p><p><strong>8. Widerrufsrecht<\/strong><\/p><p>Verbrauchern (Definition siehe Ziffer 1.2 der Gesch\u00e4fts- und Lizenzbedingungen) steht nach den fernabsatzrecht-lichen Regelungen ein Widerrufsrecht zu. N\u00e4here Informationen zu dem Widerrufsrecht ergeben sich aus der Widerrufsbelehrung des Verk\u00e4ufers, die unter dem folgenden Link abrufbar ist: [Link zu Widerrufsbelehrung]<\/p><p><strong>9. Preise und Zahlungsbedingungen<\/strong><\/p><p>9.1 S\u00e4mtliche in den Angeboten genannten Preise sind in EUR (\u20ac) ausgewiesen und enthalten die gesetzliche Mehrwertsteuer in der jeweiligen gesetzlichen H\u00f6he, sowie s\u00e4mtliche sonstigen Preisbestandteile (Endpreise). Skonto und weitere Nachl\u00e4sse werden nicht gew\u00e4hrt, es sei denn, es wird im jeweiligen Angebot zus\u00e4tzlich und ausdr\u00fccklich hierauf hingewiesen.<\/p><p>9.2 Allein die Kosten von Verpackung und Versand sind zum Zeitpunkt der Bestellung im Preis nicht enthalten. Die Kosten hierf\u00fcr k\u00f6nnen der Seite \u201eVersandhinweise\u201c entnommen werden. Ferner werden sie im Laufe des Bestellvorganges gesondert ausgewiesen. Die Versandkosten sind vom Kunden zus\u00e4tzlich zu tragen, soweit nicht die versandkostenfreie Lieferung zugesagt ist.<\/p><p>9.3 Sofern die Vertragsparteien nichts anderes vereinbart haben, ist der Kaufpreis sofort f\u00e4llig.<\/p><p>9.4 Als Zahlungsarten akzeptiert der Verk\u00e4ufer Sofort\u00fcberweisung, PayPal, Kreditkarte, Kauf auf Rechnung, Barzahlen.de, Vorkasse, EPS, GiroPay. Der Kunde erh\u00e4lt eine Rechnung mit ausgewiesener Mehrwertsteuer.<\/p><p>9.5 Die Aufrechnung mit Gegenforderungen des Kunden gegen Forderungen des Verk\u00e4ufers ist ausgeschlossen, es sei denn der Verk\u00e4ufer hat die Gegenforderung anerkannt oder diese ist rechtskr\u00e4ftig festgestellt.<\/p><p><strong>10. Liefer- und Versandbedingungen<\/strong><\/p><p>Die bestellte Software wird dem Kunden in elektronischer Form als Download-Link mit zugeh\u00f6rigem Lizenz-schl\u00fcssel innerhalb von 30 Sekunden seid Abschluss des Bestellprozesses nach Klicken des Buttons \u201ejetzt kaufen\u201c per E-Mail \u00fcbersandt.<\/p><p><strong>11. Gew\u00e4hrleistung &amp; Haftung<\/strong><\/p><p>Gew\u00e4hrleistung und Haftung richten sich nach den gesetzlichen Bestimmungen. Der K\u00e4ufer hat ein gesetzliches M\u00e4ngelhaftungsrecht.<\/p><p><strong>12. Anwendbares Recht<\/strong><\/p><p>F\u00fcr die Rechtsbeziehungen der Parteien gilt deutsches Recht unter Ausschluss des UN-Kaufrechts. Diese Rechtswahl gilt nicht bei Verbrauchern, wenn hierdurch der gew\u00e4hrte Schutz aufgrund zwingender Bestimmun-gen des Staates, in dem der Verbraucher seinen gew\u00f6hnlichen Aufenthalt hat, entzogen wird. F\u00fcr den Fall, dass der Kunde Kaufmann im Sinne des HGB ist, ist ausschlie\u00dflicher Gerichtsstand der Sitz des Verk\u00e4ufers.<\/p><p><strong>13. Streitbeilegungsverfahren<\/strong><\/p><p>Die Europ\u00e4ische Kommission stellt eine Plattform zur Online-Streitbeilegung (OS) bereit, die Sie unter dem nach-folgendem Link finden: http:\/\/ec.europa.eu\/consumers\/odr\/ Bei einer Streitigkeit \u00fcber einen Verbrauchervertrag nehmen wir nicht an einem Streit-beilegungsverfahren vor einer Verbraucherschlichtungsstelle teil. Eine Pflicht zur Teilnahme besteht f\u00fcr uns nicht.<\/p>\t\t\t\t\t\t<\/div>\n\t\t\t\t<\/div>\n\t\t\t\t\t<\/div>\n\t\t<\/div>\n\t\t\t\t\t\t\t<\/div>\n\t\t<\/section>\n\t\t\t\t\t\t\t<\/div>\n\t\t","protected":false},"excerpt":{"rendered":"","protected":false},"author":1,"featured_media":0,"parent":0,"menu_order":0,"comment_status":"closed","ping_status":"closed","template":"","meta":{"spay_email":"","footnotes":""},"class_list":["post-396","page","type-page","status-publish","hentry"],"_links":{"self":[{"href":"https:\/\/meinesoftware.com\/en\/wp-json\/wp\/v2\/pages\/396","targetHints":{"allow":["GET"]}}],"collection":[{"href":"https:\/\/meinesoftware.com\/en\/wp-json\/wp\/v2\/pages"}],"about":[{"href":"https:\/\/meinesoftware.com\/en\/wp-json\/wp\/v2\/types\/page"}],"author":[{"embeddable":true,"href":"https:\/\/meinesoftware.com\/en\/wp-json\/wp\/v2\/users\/1"}],"replies":[{"embeddable":true,"href":"https:\/\/meinesoftware.com\/en\/wp-json\/wp\/v2\/comments?post=396"}],"version-history":[{"count":7,"href":"https:\/\/meinesoftware.com\/en\/wp-json\/wp\/v2\/pages\/396\/revisions"}],"predecessor-version":[{"id":403,"href":"https:\/\/meinesoftware.com\/en\/wp-json\/wp\/v2\/pages\/396\/revisions\/403"}],"wp:attachment":[{"href":"https:\/\/meinesoftware.com\/en\/wp-json\/wp\/v2\/media?parent=396"}],"curies":[{"name":"wp","href":"https:\/\/api.w.org\/{rel}","templated":true}]}}