{"id":383,"date":"2021-10-25T19:37:11","date_gmt":"2021-10-25T19:37:11","guid":{"rendered":"https:\/\/meinesoftware.com\/?page_id=383"},"modified":"2021-10-25T19:54:06","modified_gmt":"2021-10-25T19:54:06","slug":"versand-zahlungsbedingungen","status":"publish","type":"page","link":"https:\/\/meinesoftware.com\/en\/versand-zahlungsbedingungen\/","title":{"rendered":""},"content":{"rendered":"\t\t<div data-elementor-type=\"wp-page\" data-elementor-id=\"383\" class=\"elementor elementor-383\">\n\t\t\t\t\t\t\t\t\t<section class=\"elementor-section elementor-top-section elementor-element elementor-element-92498ab elementor-section-boxed elementor-section-height-default elementor-section-height-default\" data-id=\"92498ab\" data-element_type=\"section\">\n\t\t\t\t\t\t<div class=\"elementor-container elementor-column-gap-default\">\n\t\t\t\t\t<div class=\"elementor-column elementor-col-100 elementor-top-column elementor-element elementor-element-3d11dac\" data-id=\"3d11dac\" data-element_type=\"column\">\n\t\t\t<div class=\"elementor-widget-wrap elementor-element-populated\">\n\t\t\t\t\t\t\t\t<div class=\"elementor-element elementor-element-cb46074 elementor-widget elementor-widget-text-editor\" data-id=\"cb46074\" data-element_type=\"widget\" data-widget_type=\"text-editor.default\">\n\t\t\t\t<div class=\"elementor-widget-container\">\n\t\t\t\t\t\t\t<p><strong>Versand- &amp; Zahlungsbedingungen<\/strong><\/p><p>Zahlung und Versand<\/p><p>Es gelten folgende Bedingungen:<\/p><p>Versandbedingungen<\/p><p>Lieferung von Download-Produkten:<\/p><p>F\u00fcr Download-Produkte (digitale Inhalte, die nicht auf einem k\u00f6rperlichen Datentr\u00e4ger geliefert werden) fallen keine Versandkosten an.<\/p><p>Download-Produkte werden Ihnen als Datei per E-Mail innerhalb von 24 Stunden nach Vertragsschluss (bei vereinbarter Vorauszahlung nach dem Zeitpunkt Ihrer Zahlungsanweisung) \u00fcbersandt.<\/p><p>Download-Produkte k\u00f6nnen Sie \u00fcber einen per E-Mail mitgeteilten Link herunterladen.<\/p><p>Die Versendung dieser E-Mail mit Zugangsdaten zur Ausf\u00fchrung des Downloads erfolgt innerhalb von 24 Stunden nach Vertragsschluss (bei vereinbarter Vorauszahlung nach dem Zeitpunkt Ihrer Zahlungsanweisung).<\/p><p>Akzeptierte Zahlungsm\u00f6glichkeiten<\/p><p>&#8211; Vorkasse per \u00dcberweisung<\/p><p>&#8211; Zahlung per Kreditkarte<\/p><p>&#8211; Zahlung per PayPal<\/p><p>&#8211; Zahlung per GiroPay<br \/>&#8211; Zahlung per eps<\/p><p>&#8211; Zahlung per Rechnung<\/p><p>&#8211; Zahlung per Sofort\u00fcberweisung<\/p><p>&#8211; Zahlung per Barzahlen.de \u00fcber novalnet<\/p><p>Weitere Einzelheiten zur Zahlung<\/p><p>Der Rechnungsbetrag ist bei Zahlung auf Rechnung innerhalb von 14 Tagen auszugleichen.<\/p><p>Bei Zahlung per Vorkasse erhalten Sie nach Ihrer BestelIung unsere Bankverbindung. Ihre Ware wird 14 Tage f\u00fcr Sie reserviert. Bitte ber\u00fccksichtigen Sie dabei die bank\u00fcblichen Bearbeitungszeiten.<\/p><p>Bei Zahlung per SEPA-Basislastschrift oder per SEPA-Firmenlastschrift erm\u00e4chtigen Sie uns durch Erteilung eines entsprechenden SEPA-Mandats, den Rechnungsbetrag vom angegebenen Konto einzuziehen. Sie erhalten eine Vorabank\u00fcndigung (Pre-Notification) mindestens 5 Tage vor dem Datum des Lastschrifteinzugs. Beachten Sie bitte, dass Sie verpflichtet sind f\u00fcr die ausreichende Deckung des Kontos zum angek\u00fcndigten Datum zu sorgen.<\/p><p>Bei Zahlung per Kreditkarte erfolgt die Belastung Ihres Kreditkartenkontos mit Vertragsschluss.<\/p><p>Garantiebedingungen \u201e100% Geld-zur\u00fcck-Garantie\u201c <br \/>Die Garantie ist befristet auf 3 Jahre ab Rechnungsdatum. Hiervon ausgenommen sind Produkte, deren Laufzeit begrenzt ist. Bei solchen Produkten ist die Garantie befristet auf die Laufzeit des Produkts. Gegen Nachweis, dass das Produkt bei meinesoftware erworben wurde und gegen schriftliche Best\u00e4tigung, dass das Produkt nicht weiter genutzt wird und auch nicht an Dritte weitergegeben wurde, werden 100% des gezahlten Preises bei Problemen bei der Aktivierung erstattet. Die R\u00fcckzahlung erfolgt 14 Tage nach Eingang des Nachweises und der Best\u00e4tigung bei meinesoftware.<\/p><p>*Die Garantie gilt f\u00fcr Probleme in Verbindung mit der Aktivierung.Wir behalten uns das Recht auf Nachbesserung , sollte dies nicht m\u00f6glich sein , wird eine R\u00fcckerstattung veranlasst.<\/p><p>Bei Fragen finden Sie unsere Kontaktdaten im Impressum.<\/p>\t\t\t\t\t\t<\/div>\n\t\t\t\t<\/div>\n\t\t\t\t\t<\/div>\n\t\t<\/div>\n\t\t\t\t\t\t\t<\/div>\n\t\t<\/section>\n\t\t\t\t\t\t\t<\/div>\n\t\t","protected":false},"excerpt":{"rendered":"","protected":false},"author":1,"featured_media":0,"parent":0,"menu_order":0,"comment_status":"closed","ping_status":"closed","template":"","meta":{"spay_email":"","footnotes":""},"class_list":["post-383","page","type-page","status-publish","hentry"],"_links":{"self":[{"href":"https:\/\/meinesoftware.com\/en\/wp-json\/wp\/v2\/pages\/383","targetHints":{"allow":["GET"]}}],"collection":[{"href":"https:\/\/meinesoftware.com\/en\/wp-json\/wp\/v2\/pages"}],"about":[{"href":"https:\/\/meinesoftware.com\/en\/wp-json\/wp\/v2\/types\/page"}],"author":[{"embeddable":true,"href":"https:\/\/meinesoftware.com\/en\/wp-json\/wp\/v2\/users\/1"}],"replies":[{"embeddable":true,"href":"https:\/\/meinesoftware.com\/en\/wp-json\/wp\/v2\/comments?post=383"}],"version-history":[{"count":7,"href":"https:\/\/meinesoftware.com\/en\/wp-json\/wp\/v2\/pages\/383\/revisions"}],"predecessor-version":[{"id":395,"href":"https:\/\/meinesoftware.com\/en\/wp-json\/wp\/v2\/pages\/383\/revisions\/395"}],"wp:attachment":[{"href":"https:\/\/meinesoftware.com\/en\/wp-json\/wp\/v2\/media?parent=383"}],"curies":[{"name":"wp","href":"https:\/\/api.w.org\/{rel}","templated":true}]}}