{"id":316,"date":"2021-05-23T20:07:16","date_gmt":"2021-05-23T20:07:16","guid":{"rendered":"http:\/\/meinesoftware.com\/?page_id=316"},"modified":"2021-10-25T19:52:20","modified_gmt":"2021-10-25T19:52:20","slug":"faq","status":"publish","type":"page","link":"https:\/\/meinesoftware.com\/en\/faq\/","title":{"rendered":""},"content":{"rendered":"\t\t<div data-elementor-type=\"wp-page\" data-elementor-id=\"316\" class=\"elementor elementor-316\">\n\t\t\t\t\t\t\t\t\t<section class=\"elementor-section elementor-top-section elementor-element elementor-element-33ac3f4 elementor-section-boxed elementor-section-height-default elementor-section-height-default\" data-id=\"33ac3f4\" data-element_type=\"section\">\n\t\t\t\t\t\t<div class=\"elementor-container elementor-column-gap-default\">\n\t\t\t\t\t<div class=\"elementor-column elementor-col-100 elementor-top-column elementor-element elementor-element-13d44b0\" data-id=\"13d44b0\" data-element_type=\"column\">\n\t\t\t<div class=\"elementor-widget-wrap elementor-element-populated\">\n\t\t\t\t\t\t\t\t<div class=\"elementor-element elementor-element-868c936 elementor-widget elementor-widget-accordion\" data-id=\"868c936\" data-element_type=\"widget\" data-widget_type=\"accordion.default\">\n\t\t\t\t<div class=\"elementor-widget-container\">\n\t\t\t\t\t<div class=\"elementor-accordion\" role=\"tablist\">\n\t\t\t\t\t\t\t<div class=\"elementor-accordion-item\">\n\t\t\t\t\t<div id=\"elementor-tab-title-1411\" class=\"elementor-tab-title\" data-tab=\"1\" role=\"tab\" aria-controls=\"elementor-tab-content-1411\" aria-expanded=\"false\">\n\t\t\t\t\t\t\t\t\t\t\t\t\t<span class=\"elementor-accordion-icon elementor-accordion-icon-left\" aria-hidden=\"true\">\n\t\t\t\t\t\t\t\t\t\t\t\t\t\t\t<span class=\"elementor-accordion-icon-closed\"><i class=\"fas fa-plus\"><\/i><\/span>\n\t\t\t\t\t\t\t\t<span class=\"elementor-accordion-icon-opened\"><i class=\"fas fa-minus\"><\/i><\/span>\n\t\t\t\t\t\t\t\t\t\t\t\t\t\t<\/span>\n\t\t\t\t\t\t\t\t\t\t\t\t<a class=\"elementor-accordion-title\" href=\"\">Welche Zahlungsmethoden stehen zur Verf\u00fcgung?<\/a>\n\t\t\t\t\t<\/div>\n\t\t\t\t\t<div id=\"elementor-tab-content-1411\" class=\"elementor-tab-content elementor-clearfix\" data-tab=\"1\" role=\"tabpanel\" aria-labelledby=\"elementor-tab-title-1411\"><p>Bei meinesoftware.com steht Ihre Sicherheit an erster Stelle. Sie k\u00f6nnen bequem per Vorkasse, Kreditkarte und Rechnung bezahlen. Ihre Informationen werden immer verschl\u00fcsselt.<\/p><\/div>\n\t\t\t\t<\/div>\n\t\t\t\t\t\t\t<div class=\"elementor-accordion-item\">\n\t\t\t\t\t<div id=\"elementor-tab-title-1412\" class=\"elementor-tab-title\" data-tab=\"2\" role=\"tab\" aria-controls=\"elementor-tab-content-1412\" aria-expanded=\"false\">\n\t\t\t\t\t\t\t\t\t\t\t\t\t<span class=\"elementor-accordion-icon elementor-accordion-icon-left\" aria-hidden=\"true\">\n\t\t\t\t\t\t\t\t\t\t\t\t\t\t\t<span class=\"elementor-accordion-icon-closed\"><i class=\"fas fa-plus\"><\/i><\/span>\n\t\t\t\t\t\t\t\t<span class=\"elementor-accordion-icon-opened\"><i class=\"fas fa-minus\"><\/i><\/span>\n\t\t\t\t\t\t\t\t\t\t\t\t\t\t<\/span>\n\t\t\t\t\t\t\t\t\t\t\t\t<a class=\"elementor-accordion-title\" href=\"\">Wie erreiche ich das Support-Center von meinesoftware.com?<\/a>\n\t\t\t\t\t<\/div>\n\t\t\t\t\t<div id=\"elementor-tab-content-1412\" class=\"elementor-tab-content elementor-clearfix\" data-tab=\"2\" role=\"tabpanel\" aria-labelledby=\"elementor-tab-title-1412\"><p>Auf unserer FAQ-Seite finden Sie Antworten auf die h\u00e4ufigsten und am h\u00e4ufigsten gestellten Fragen von Kunden.<\/p><p>Sollten Ihnen diese Informationen nicht ausreichen, helfen wir Ihnen gerne jederzeit w\u00e4hrend der folgenden Sprechzeiten weiter und stehen Ihnen mit Rat und Tat zur Seite.<\/p><\/div>\n\t\t\t\t<\/div>\n\t\t\t\t\t\t\t<div class=\"elementor-accordion-item\">\n\t\t\t\t\t<div id=\"elementor-tab-title-1413\" class=\"elementor-tab-title\" data-tab=\"3\" role=\"tab\" aria-controls=\"elementor-tab-content-1413\" aria-expanded=\"false\">\n\t\t\t\t\t\t\t\t\t\t\t\t\t<span class=\"elementor-accordion-icon elementor-accordion-icon-left\" aria-hidden=\"true\">\n\t\t\t\t\t\t\t\t\t\t\t\t\t\t\t<span class=\"elementor-accordion-icon-closed\"><i class=\"fas fa-plus\"><\/i><\/span>\n\t\t\t\t\t\t\t\t<span class=\"elementor-accordion-icon-opened\"><i class=\"fas fa-minus\"><\/i><\/span>\n\t\t\t\t\t\t\t\t\t\t\t\t\t\t<\/span>\n\t\t\t\t\t\t\t\t\t\t\t\t<a class=\"elementor-accordion-title\" href=\"\">Wie funktioniert der Kauf?<\/a>\n\t\t\t\t\t<\/div>\n\t\t\t\t\t<div id=\"elementor-tab-content-1413\" class=\"elementor-tab-content elementor-clearfix\" data-tab=\"3\" role=\"tabpanel\" aria-labelledby=\"elementor-tab-title-1413\"><p>Wenn Sie beim Bl\u00e4ttern im Katalog auf den Seiten von meinesoftware.com einen Artikel finden, den Sie kaufen m\u00f6chten, finden Sie in den Ergebnissen sowie auf der Artikeldetailseite einen auff\u00e4lligen Button, mit dem Sie den jeweiligen Artikel hinzuf\u00fcgen k\u00f6nnen durch Anklicken in Ihren Warenkorb.<br \/>Den aktuellen Status Ihres Warenkorbs sehen Sie immer in der oberen Kopfzeile der Seite meinesoftware.com. Von hier aus k\u00f6nnen Sie direkt einkaufen, Ihren Warenkorbinhalt einsehen oder direkt zur Kasse gehen. \u00c4nderungen der Nummer oder L\u00f6schungen k\u00f6nnen jederzeit vor der Zahlung vorgenommen werden.<\/p><p>Wenn Sie noch nicht auf unserer Seite eingeloggt sind, k\u00f6nnen Sie bei Ihrer ersten Bestellung direkt ein Kundenkonto bei uns anlegen. Nat\u00fcrlich haben Sie auch die M\u00f6glichkeit, Ihre Bestellung als Gast aufzugeben. Geben Sie alle erforderlichen Informationen in unserem One-Step-Checkout ein und schlie\u00dfen Sie dann Ihre Bestellung ab. Nach Erhalt der Daten bearbeiten wir Ihre Bestellung noch am selben Tag.<\/p><\/div>\n\t\t\t\t<\/div>\n\t\t\t\t\t\t\t<div class=\"elementor-accordion-item\">\n\t\t\t\t\t<div id=\"elementor-tab-title-1414\" class=\"elementor-tab-title\" data-tab=\"4\" role=\"tab\" aria-controls=\"elementor-tab-content-1414\" aria-expanded=\"false\">\n\t\t\t\t\t\t\t\t\t\t\t\t\t<span class=\"elementor-accordion-icon elementor-accordion-icon-left\" aria-hidden=\"true\">\n\t\t\t\t\t\t\t\t\t\t\t\t\t\t\t<span class=\"elementor-accordion-icon-closed\"><i class=\"fas fa-plus\"><\/i><\/span>\n\t\t\t\t\t\t\t\t<span class=\"elementor-accordion-icon-opened\"><i class=\"fas fa-minus\"><\/i><\/span>\n\t\t\t\t\t\t\t\t\t\t\t\t\t\t<\/span>\n\t\t\t\t\t\t\t\t\t\t\t\t<a class=\"elementor-accordion-title\" href=\"\">Akkordeon Ti Muss man sich f\u00fcr eine Bestellung registrieren?tle<\/a>\n\t\t\t\t\t<\/div>\n\t\t\t\t\t<div id=\"elementor-tab-content-1414\" class=\"elementor-tab-content elementor-clearfix\" data-tab=\"4\" role=\"tabpanel\" aria-labelledby=\"elementor-tab-title-1414\"><p>Eine Registrierung ist nicht zwingend erforderlich, wenn Sie eine Bestellung aufgeben m\u00f6chten.<br \/>Sie k\u00f6nnen Ihre Eink\u00e4ufe auch als Gast erledigen. Die gespeicherten Daten werden nach der Transaktion und dem Versand aus unserer Datenbank gel\u00f6scht.<br \/>Wir empfehlen Ihnen jedoch, sich auf unseren Seiten einzuloggen, was Ihnen den Vorteil bietet, Ihre Bestellungen zu verwalten und einzusehen, Stornierungen und \u00c4nderungen vorzunehmen und Ihre Daten f\u00fcr den n\u00e4chsten Einkauf zu speichern.<\/p><\/div>\n\t\t\t\t<\/div>\n\t\t\t\t\t\t\t<div class=\"elementor-accordion-item\">\n\t\t\t\t\t<div id=\"elementor-tab-title-1415\" class=\"elementor-tab-title\" data-tab=\"5\" role=\"tab\" aria-controls=\"elementor-tab-content-1415\" aria-expanded=\"false\">\n\t\t\t\t\t\t\t\t\t\t\t\t\t<span class=\"elementor-accordion-icon elementor-accordion-icon-left\" aria-hidden=\"true\">\n\t\t\t\t\t\t\t\t\t\t\t\t\t\t\t<span class=\"elementor-accordion-icon-closed\"><i class=\"fas fa-plus\"><\/i><\/span>\n\t\t\t\t\t\t\t\t<span class=\"elementor-accordion-icon-opened\"><i class=\"fas fa-minus\"><\/i><\/span>\n\t\t\t\t\t\t\t\t\t\t\t\t\t\t<\/span>\n\t\t\t\t\t\t\t\t\t\t\t\t<a class=\"elementor-accordion-title\" href=\"\">Wie lange dauert es zwischen Bestellung und Versand?<\/a>\n\t\t\t\t\t<\/div>\n\t\t\t\t\t<div id=\"elementor-tab-content-1415\" class=\"elementor-tab-content elementor-clearfix\" data-tab=\"5\" role=\"tabpanel\" aria-labelledby=\"elementor-tab-title-1415\"><p>Bestellungen werden maximal in 30 Sekunden bearbeitet.<\/p><\/div>\n\t\t\t\t<\/div>\n\t\t\t\t\t\t\t<div class=\"elementor-accordion-item\">\n\t\t\t\t\t<div id=\"elementor-tab-title-1416\" class=\"elementor-tab-title\" data-tab=\"6\" role=\"tab\" aria-controls=\"elementor-tab-content-1416\" aria-expanded=\"false\">\n\t\t\t\t\t\t\t\t\t\t\t\t\t<span class=\"elementor-accordion-icon elementor-accordion-icon-left\" aria-hidden=\"true\">\n\t\t\t\t\t\t\t\t\t\t\t\t\t\t\t<span class=\"elementor-accordion-icon-closed\"><i class=\"fas fa-plus\"><\/i><\/span>\n\t\t\t\t\t\t\t\t<span class=\"elementor-accordion-icon-opened\"><i class=\"fas fa-minus\"><\/i><\/span>\n\t\t\t\t\t\t\t\t\t\t\t\t\t\t<\/span>\n\t\t\t\t\t\t\t\t\t\t\t\t<a class=\"elementor-accordion-title\" href=\"\">Gibt es Vorteile f\u00fcr Gesch\u00e4ftskunden?<\/a>\n\t\t\t\t\t<\/div>\n\t\t\t\t\t<div id=\"elementor-tab-content-1416\" class=\"elementor-tab-content elementor-clearfix\" data-tab=\"6\" role=\"tabpanel\" aria-labelledby=\"elementor-tab-title-1416\"><p>Sie sind Gesch\u00e4ftskunde, Wiederverk\u00e4ufer oder IT-Dienstleister?<br \/>Wir haben das ganze Jahr \u00fcber gesonderte, sichere Rabatte f\u00fcr Sie: sichere Zahlung per Kreditkarte oder Bank\u00fcberweisung Sonderpreise ab einem Einkauf \u00fcber 400 \u20ac. Ein pers\u00f6nlicher Kundenberater, der sich um Ihre Anfragen und Ihre kaufm\u00e4nnischen und technischen Anfragen k\u00fcmmert.<br \/>Wir bieten Ihnen alle notwendigen Anleitungen f\u00fcr eine erfolgreiche Installation und Aktivierung Ihrer Software. Mit OEM-Lizenzen profitieren Sie von sehr wettbewerbsf\u00e4higen Preisen, die es Ihnen erm\u00f6glichen, Ihre Gewinnspanne im Verkaufsfall zu erh\u00f6hen. F\u00fcr IT-Dienstleister gelten bereits bei kleinen Abnahmemengen Sonderrabatte. Die Rechnungsstellung Ihrer Bestellungen erfolgt ohne Mehrwertsteuer und ist europaweit einsetzbar.<\/p><\/div>\n\t\t\t\t<\/div>\n\t\t\t\t\t\t\t<div class=\"elementor-accordion-item\">\n\t\t\t\t\t<div id=\"elementor-tab-title-1417\" class=\"elementor-tab-title\" data-tab=\"7\" role=\"tab\" aria-controls=\"elementor-tab-content-1417\" aria-expanded=\"false\">\n\t\t\t\t\t\t\t\t\t\t\t\t\t<span class=\"elementor-accordion-icon elementor-accordion-icon-left\" aria-hidden=\"true\">\n\t\t\t\t\t\t\t\t\t\t\t\t\t\t\t<span class=\"elementor-accordion-icon-closed\"><i class=\"fas fa-plus\"><\/i><\/span>\n\t\t\t\t\t\t\t\t<span class=\"elementor-accordion-icon-opened\"><i class=\"fas fa-minus\"><\/i><\/span>\n\t\t\t\t\t\t\t\t\t\t\t\t\t\t<\/span>\n\t\t\t\t\t\t\t\t\t\t\t\t<a class=\"elementor-accordion-title\" href=\"\">Warum sollte ich bei meinesoftware Software kaufen?<\/a>\n\t\t\t\t\t<\/div>\n\t\t\t\t\t<div id=\"elementor-tab-content-1417\" class=\"elementor-tab-content elementor-clearfix\" data-tab=\"7\" role=\"tabpanel\" aria-labelledby=\"elementor-tab-title-1417\"><p>Der Softwarekauf bei meinesoftware funktioniert schnell, reibungslos und kosteng\u00fcnstig. Au\u00dferdem stellen wir sicher, dass unsere Software ausschlie\u00dflich f\u00fcr die EU bestimmt ist.<\/p><p>Auf meinesoftware gekaufte Software ist v\u00f6llig legal. Ob das neueste Betriebssystem, Programm, Spiel oder die neueste Lernsoftware.<\/p><\/div>\n\t\t\t\t<\/div>\n\t\t\t\t\t\t\t<div class=\"elementor-accordion-item\">\n\t\t\t\t\t<div id=\"elementor-tab-title-1418\" class=\"elementor-tab-title\" data-tab=\"8\" role=\"tab\" aria-controls=\"elementor-tab-content-1418\" aria-expanded=\"false\">\n\t\t\t\t\t\t\t\t\t\t\t\t\t<span class=\"elementor-accordion-icon elementor-accordion-icon-left\" aria-hidden=\"true\">\n\t\t\t\t\t\t\t\t\t\t\t\t\t\t\t<span class=\"elementor-accordion-icon-closed\"><i class=\"fas fa-plus\"><\/i><\/span>\n\t\t\t\t\t\t\t\t<span class=\"elementor-accordion-icon-opened\"><i class=\"fas fa-minus\"><\/i><\/span>\n\t\t\t\t\t\t\t\t\t\t\t\t\t\t<\/span>\n\t\t\t\t\t\t\t\t\t\t\t\t<a class=\"elementor-accordion-title\" href=\"\">Wie hoch sind die Versandkosten?<\/a>\n\t\t\t\t\t<\/div>\n\t\t\t\t\t<div id=\"elementor-tab-content-1418\" class=\"elementor-tab-content elementor-clearfix\" data-tab=\"8\" role=\"tabpanel\" aria-labelledby=\"elementor-tab-title-1418\"><p>Da nur Lizenzschl\u00fcssel versendet und die Software heruntergeladen wird, fallen keine Versandkosten an.<\/p><\/div>\n\t\t\t\t<\/div>\n\t\t\t\t\t\t\t<div class=\"elementor-accordion-item\">\n\t\t\t\t\t<div id=\"elementor-tab-title-1419\" class=\"elementor-tab-title\" data-tab=\"9\" role=\"tab\" aria-controls=\"elementor-tab-content-1419\" aria-expanded=\"false\">\n\t\t\t\t\t\t\t\t\t\t\t\t\t<span class=\"elementor-accordion-icon elementor-accordion-icon-left\" aria-hidden=\"true\">\n\t\t\t\t\t\t\t\t\t\t\t\t\t\t\t<span class=\"elementor-accordion-icon-closed\"><i class=\"fas fa-plus\"><\/i><\/span>\n\t\t\t\t\t\t\t\t<span class=\"elementor-accordion-icon-opened\"><i class=\"fas fa-minus\"><\/i><\/span>\n\t\t\t\t\t\t\t\t\t\t\t\t\t\t<\/span>\n\t\t\t\t\t\t\t\t\t\t\t\t<a class=\"elementor-accordion-title\" href=\"\">Fragen zu den Produkten Was ist eine Vollversion?<\/a>\n\t\t\t\t\t<\/div>\n\t\t\t\t\t<div id=\"elementor-tab-content-1419\" class=\"elementor-tab-content elementor-clearfix\" data-tab=\"9\" role=\"tabpanel\" aria-labelledby=\"elementor-tab-title-1419\"><p>Eine Vollversion ist die Version der Software, die vollst\u00e4ndig und zeitlich unbegrenzt genutzt werden kann.<\/p><p>Original Equipment Manufacturer &#8211; Ein Produkt wird in seinen Fabriken hergestellt, aber nicht vom Hersteller in den Einzelhandel gebracht. Daher muss der Verk\u00e4ufer anstelle des Herstellers Support leisten.<\/p><\/div>\n\t\t\t\t<\/div>\n\t\t\t\t\t\t\t<div class=\"elementor-accordion-item\">\n\t\t\t\t\t<div id=\"elementor-tab-title-14110\" class=\"elementor-tab-title\" data-tab=\"10\" role=\"tab\" aria-controls=\"elementor-tab-content-14110\" aria-expanded=\"false\">\n\t\t\t\t\t\t\t\t\t\t\t\t\t<span class=\"elementor-accordion-icon elementor-accordion-icon-left\" aria-hidden=\"true\">\n\t\t\t\t\t\t\t\t\t\t\t\t\t\t\t<span class=\"elementor-accordion-icon-closed\"><i class=\"fas fa-plus\"><\/i><\/span>\n\t\t\t\t\t\t\t\t<span class=\"elementor-accordion-icon-opened\"><i class=\"fas fa-minus\"><\/i><\/span>\n\t\t\t\t\t\t\t\t\t\t\t\t\t\t<\/span>\n\t\t\t\t\t\t\t\t\t\t\t\t<a class=\"elementor-accordion-title\" href=\"\">Probleme mit der Bestellung<\/a>\n\t\t\t\t\t<\/div>\n\t\t\t\t\t<div id=\"elementor-tab-content-14110\" class=\"elementor-tab-content elementor-clearfix\" data-tab=\"10\" role=\"tabpanel\" aria-labelledby=\"elementor-tab-title-14110\"><p><strong>Der Download startet oder stoppt nicht.<\/strong><br \/>Bitte \u00fcberpr\u00fcfen Sie Ihre Firewall- oder Antivirensoftware-Einstellungen und pr\u00fcfen Sie, ob Ihr Computer \u00fcber eine funktionierende Internetverbindung verf\u00fcgt. Nachdem Sie die obigen Punkte \u00fcberpr\u00fcft haben, starten Sie den Download bitte erneut. Es hilft auch, den Browser zu wechseln.<\/p><p>Sollte ein Lizenzschl\u00fcssel bei der Online-Aktivierung nicht sofort funktionieren, haben Sie dennoch die M\u00f6glichkeit der telefonischen Aktivierung.<\/p><p>Bitte klicken Sie im Installationsfenster auf &#8220;Zur\u00fcck&#8221; und w\u00e4hlen Sie &#8220;Telefonisch aktivieren&#8221;.<br \/>Wenn Sie weitere Hilfe ben\u00f6tigen, kontaktieren Sie uns bitte per E-Mail: info@meinesoftware.com<\/p><\/div>\n\t\t\t\t<\/div>\n\t\t\t\t\t\t\t\t<\/div>\n\t\t\t\t<\/div>\n\t\t\t\t<\/div>\n\t\t\t\t\t<\/div>\n\t\t<\/div>\n\t\t\t\t\t\t\t<\/div>\n\t\t<\/section>\n\t\t\t\t\t\t\t<\/div>\n\t\t","protected":false},"excerpt":{"rendered":"","protected":false},"author":1,"featured_media":0,"parent":0,"menu_order":0,"comment_status":"closed","ping_status":"closed","template":"","meta":{"spay_email":"","footnotes":""},"class_list":["post-316","page","type-page","status-publish","hentry"],"_links":{"self":[{"href":"https:\/\/meinesoftware.com\/en\/wp-json\/wp\/v2\/pages\/316","targetHints":{"allow":["GET"]}}],"collection":[{"href":"https:\/\/meinesoftware.com\/en\/wp-json\/wp\/v2\/pages"}],"about":[{"href":"https:\/\/meinesoftware.com\/en\/wp-json\/wp\/v2\/types\/page"}],"author":[{"embeddable":true,"href":"https:\/\/meinesoftware.com\/en\/wp-json\/wp\/v2\/users\/1"}],"replies":[{"embeddable":true,"href":"https:\/\/meinesoftware.com\/en\/wp-json\/wp\/v2\/comments?post=316"}],"version-history":[{"count":8,"href":"https:\/\/meinesoftware.com\/en\/wp-json\/wp\/v2\/pages\/316\/revisions"}],"predecessor-version":[{"id":392,"href":"https:\/\/meinesoftware.com\/en\/wp-json\/wp\/v2\/pages\/316\/revisions\/392"}],"wp:attachment":[{"href":"https:\/\/meinesoftware.com\/en\/wp-json\/wp\/v2\/media?parent=316"}],"curies":[{"name":"wp","href":"https:\/\/api.w.org\/{rel}","templated":true}]}}